{"id":965,"date":"2020-12-14T00:28:42","date_gmt":"2020-12-14T05:28:42","guid":{"rendered":"https:\/\/systemesmw.com\/contact\/"},"modified":"2026-03-28T09:36:40","modified_gmt":"2026-03-28T13:36:40","slug":"contact","status":"publish","type":"page","link":"https:\/\/systemesmw.com\/en\/contact\/","title":{"rendered":"Contact"},"content":{"rendered":"<div class=\"et_pb_section_0 et_pb_section et_section_regular et_block_section et_pb_section_parallax\"><span class=\"et-pb-parallax-wrapper\"><span class=\"et-pb-parallax-background et-pb-parallax-background-module--divi-section-0\" style=\"background-image:url(https:\/\/systemesmw.com\/wp-content\/uploads\/2020\/12\/cyber-security-18.png)\"><\/span><\/span>\n<div class=\"et_pb_row_0 et_pb_row et_block_row\">\n<div class=\"et_pb_column_0 et_pb_column et_pb_column_4_4 et-last-child et_block_column et_pb_css_mix_blend_mode_passthrough\">\n<div class=\"et_pb_text_0 et_pb_text et_pb_bg_layout_dark et_pb_module et_block_module\"><div class=\"et_pb_text_inner\"><h1>Contact<\/h1>\n<\/div><\/div>\n\n<div class=\"et_pb_text_1 et_pb_text et_pb_bg_layout_dark et_pb_module et_block_module\"><div class=\"et_pb_text_inner\"><p>Hi! You may use the contact form below or send an email to the address below.<\/p>\n<\/div><\/div>\n\n<div class=\"et_pb_text_2 et_pb_text et_pb_bg_layout_dark et_pb_module et_block_module\"><div class=\"et_pb_text_inner\"><p>Email: <a href=\"mailto:info@systemsmw.com\">info@systemsmw.com<\/a><a href=\"tel:5144311167\"><\/a><\/p>\n<\/div><\/div>\n<\/div>\n<\/div>\n\n<div class=\"et_pb_row_1 et_pb_row et_block_row\">\n<div class=\"et_pb_column_1 et_pb_column et_pb_column_4_4 et-last-child et_block_column et_pb_css_mix_blend_mode_passthrough\">\n<div class=\"et_pb_contact_form_0 et_pb_contact_form_container clearfix et_pb_module et_flex_module divi_contact_form_helper_0\" data-form_unique_num=\"0\" data-form_unique_id=\"a9d4d3c2-4184-4e49-a2c3-e63075146c1c\" id=\"et_pb_contact_form_a9d4d3c2-4184-4e49-a2c3-e63075146c1c\" data-form-config='{\"required_fields_text\":\"Please fill in the following fields:\",\"field_error_text\":\"Please fix the following errors:\",\"invalid_email_text\":\"Please enter a valid email address.\",\"required_captcha_text\":\"Please complete the CAPTCHA.\",\"wrong_captcha_text\":\"There was a problem with the captcha verification.\",\"contactFormId\":\"a9d4d3c2-4184-4e49-a2c3-e63075146c1c\"}'><h1 class=\"et_pb_contact_main_title\">Contact Form<\/h1><span class=\"et_pb_contact_spinner\"><\/span><div class=\"et-pb-contact-message\"><\/div><div class=\"et_pb_contact\"><form class=\"et_pb_contact_form et_flex_module\" method=\"post\" action=\"https:\/\/systemesmw.com\/en\/wp-json\/wp\/v2\/pages\/965\">\n<div class=\"et_pb_contact_field_0 et_pb_contact_field et_pb_module et_flex_module et_flex_column_24_24 et_flex_column_24_24_tablet et_flex_column_24_24_phone\" data-id=\"name\" data-type=\"input\"><label class=\"et_pb_contact_form_label\" for=\"et_pb_contact_0_name_0\">Name<\/label><input type=\"text\" name=\"et_pb_contact_0_name_0\" id=\"et_pb_contact_0_name_0\" class=\"input\" data-required_mark=\"required\" data-field_type=\"input\" data-original_id=\"name\" placeholder=\"Name *\" title=\"\" value=\"\" aria-required=\"true\"><\/div>\n\n\n<div class=\"et_pb_contact_field_1 et_pb_contact_field et_pb_module et_flex_module et_flex_column_24_24 et_flex_column_24_24_tablet et_flex_column_24_24_phone\" data-id=\"email\" data-type=\"email\"><label class=\"et_pb_contact_form_label\" for=\"et_pb_contact_0_email_1\">Email address<\/label><input type=\"text\" name=\"et_pb_contact_0_email_1\" id=\"et_pb_contact_0_email_1\" class=\"input\" data-required_mark=\"required\" data-field_type=\"email\" data-original_id=\"email\" placeholder=\"Email address *\" title=\"\" value=\"\" aria-required=\"true\"><\/div>\n\n\n<div class=\"et_pb_contact_field_2 et_pb_contact_field et_pb_module et_flex_module et_flex_column_24_24 et_flex_column_24_24_tablet et_flex_column_24_24_phone\" data-id=\"phone\" data-type=\"input\"><label class=\"et_pb_contact_form_label\" for=\"et_pb_contact_0_phone_2\">Phone number<\/label><input type=\"text\" name=\"et_pb_contact_0_phone_2\" id=\"et_pb_contact_0_phone_2\" class=\"input\" data-required_mark=\"required\" data-field_type=\"input\" data-original_id=\"phone\" placeholder=\"Phone number *\" title=\"\" value=\"\" aria-required=\"true\"><\/div>\n\n\n<div class=\"et_pb_contact_field_3 et_pb_contact_field et_pb_module et_flex_module et_flex_column_24_24 et_flex_column_24_24_tablet et_flex_column_24_24_phone\" data-id=\"message\" data-type=\"text\"><label class=\"et_pb_contact_form_label\" for=\"et_pb_contact_0_message_3\">Message<\/label><textarea name=\"et_pb_contact_0_message_3\" id=\"et_pb_contact_0_message_3\" class=\"et_pb_contact_message input\" data-required_mark=\"required\" data-field_type=\"text\" data-original_id=\"message\" placeholder=\"Message *\" pattern=\"\" minlength=\"\" maxlength=\"\" title=\"\" aria-required=\"true\"><\/textarea><\/div>\n\n<input type=\"hidden\" name=\"et_pb_contactform_submit_a9d4d3c2-4184-4e49-a2c3-e63075146c1c\" value=\"et_contact_proccess\"><div id=\"et_pb_cf_turnstile_0\" class=\"et_pb_cf_turnstile\" data-sitekey=\"0x4AAAAAAA64Uj1wXk962sJ9\"><\/div><div class=\"et_contact_bottom_container\"><div class=\"et_pb_button_wrapper\"><button type=\"submit\" name=\"et_builder_submit_button\" class=\"et_pb_button et_pb_contact_submit\" data-wait-text=\"Please Wait...\">Send!<\/button><\/div><\/div><input type=\"hidden\" id=\"_wpnonce-et-pb-contact-form-submitted-a9d4d3c2-4184-4e49-a2c3-e63075146c1c\" name=\"_wpnonce-et-pb-contact-form-submitted-a9d4d3c2-4184-4e49-a2c3-e63075146c1c\" value=\"4a14434876\"><input type=\"hidden\" name=\"_wp_http_referer\" value=\"\/en\/wp-json\/wp\/v2\/pages\/965\"><input type=\"hidden\" readonly inputmode=\"none\" name=\"et_pb_contact_field_referer_url\" value=\"\"><\/form><\/div><div class=\"et_pb_contact_form_overlay\"><div class=\"et_pb_contact_form_loader_spinner\"><\/div><\/div><\/div>\n\n<\/div>\n<\/div>\n<\/div>\n\n<div class=\"et_pb_section_1 et_pb_section et_section_regular et_block_section\"><\/div>\n\n<div class=\"et_pb_section_2 et_pb_section et_section_regular et_block_section\"><div class=\"et_pb_row_2 et_pb_row et_pb_equal_columns et_block_row\"><div class=\"et_pb_column_2 et_pb_column et_pb_column_2_5 et_block_column et_pb_css_mix_blend_mode_passthrough\"><div class=\"et_pb_text_3 et_pb_text et_pb_bg_layout_light et_pb_module et_block_module\"><div class=\"et_pb_text_inner\"><h2>Contact<\/h2>\n<\/div><\/div><div class=\"et_pb_blurb_0 et_pb_blurb et_pb_bg_layout_light et_pb_text_align_center et_pb_blurb_position_left et_pb_module et_block_module\"><div class=\"et_pb_blurb_content\"><div class=\"et_pb_main_blurb_image\"><span class=\"et_pb_image_wrap\"><span class=\"et-pb-icon\">\uf0e0<\/span><\/span><\/div><div class=\"et_pb_blurb_container\"><h4 class=\"et_pb_module_header\">info@systemsmw.com<\/h4><\/div><\/div><\/div><div class=\"et_pb_blurb_1 et_pb_blurb et_pb_bg_layout_light et_pb_text_align_center et_pb_blurb_position_left et_pb_module et_block_module\"><div class=\"et_pb_blurb_content\"><div class=\"et_pb_main_blurb_image\"><span class=\"et_pb_image_wrap\"><span class=\"et-pb-icon\">\ue06b<\/span><\/span><\/div><div class=\"et_pb_blurb_container\"><div class=\"et_pb_blurb_description\"><p>Monday-Friday: 8am - 5pm<\/p>\n<\/div><\/div><\/div><\/div><\/div><div class=\"et_pb_column_3 et_pb_column et_pb_column_3_5 et-last-child et_block_column et_pb_css_mix_blend_mode_passthrough\"><div class=\"et_pb_text_4 et_pb_text et_pb_bg_layout_light et_pb_module et_block_module et_pb_text_align_center\"><div class=\"et_pb_text_inner\"><h2>Get Started<\/h2>\n<\/div><\/div><div class=\"et_pb_text_5 et_pb_text et_pb_bg_layout_light et_pb_module et_block_module et_pb_text_align_center\"><div class=\"et_pb_text_inner\"><p>What do you need?<\/p>\n<\/div><\/div><div class=\"et_pb_module et_pb_button_module_wrapper et_pb_button_0_wrapper\"><a class=\"et_pb_button_0 et_pb_button et_pb_bg_layout_light et_pb_module et_block_module\" href=\"https:\/\/systemesmw.com\/contact\/\">Get in touch<\/a><\/div><\/div><\/div><\/div>\n\n","protected":false},"excerpt":{"rendered":"","protected":false},"author":1,"featured_media":0,"parent":0,"menu_order":0,"comment_status":"closed","ping_status":"closed","template":"","meta":{"footnotes":""},"class_list":["post-965","page","type-page","status-publish","hentry"],"yoast_head":"<!-- This site is optimized with the Yoast SEO plugin v27.5 - https:\/\/yoast.com\/product\/yoast-seo-wordpress\/ -->\n<title>Contact - Syst\u00e8mes MW<\/title>\n<meta name=\"robots\" content=\"index, follow, max-snippet:-1, max-image-preview:large, max-video-preview:-1\" \/>\n<link rel=\"canonical\" href=\"https:\/\/systemesmw.com\/en\/contact\/\" \/>\n<meta property=\"og:locale\" content=\"en_US\" \/>\n<meta property=\"og:type\" content=\"article\" \/>\n<meta property=\"og:title\" content=\"Contact - Syst\u00e8mes MW\" \/>\n<meta property=\"og:url\" content=\"https:\/\/systemesmw.com\/en\/contact\/\" \/>\n<meta property=\"og:site_name\" content=\"Syst\u00e8mes MW\" \/>\n<meta property=\"article:modified_time\" content=\"2026-03-28T13:36:40+00:00\" \/>\n<meta name=\"twitter:card\" content=\"summary_large_image\" \/>\n<script type=\"application\/ld+json\" class=\"yoast-schema-graph\">{\"@context\":\"https:\\\/\\\/schema.org\",\"@graph\":[{\"@type\":\"WebPage\",\"@id\":\"https:\\\/\\\/systemesmw.com\\\/en\\\/contact\\\/\",\"url\":\"https:\\\/\\\/systemesmw.com\\\/en\\\/contact\\\/\",\"name\":\"Contact - Syst\u00e8mes MW\",\"isPartOf\":{\"@id\":\"https:\\\/\\\/systemesmw.com\\\/en\\\/#website\"},\"datePublished\":\"2020-12-14T05:28:42+00:00\",\"dateModified\":\"2026-03-28T13:36:40+00:00\",\"breadcrumb\":{\"@id\":\"https:\\\/\\\/systemesmw.com\\\/en\\\/contact\\\/#breadcrumb\"},\"inLanguage\":\"en-US\",\"potentialAction\":[{\"@type\":\"ReadAction\",\"target\":[\"https:\\\/\\\/systemesmw.com\\\/en\\\/contact\\\/\"]}]},{\"@type\":\"BreadcrumbList\",\"@id\":\"https:\\\/\\\/systemesmw.com\\\/en\\\/contact\\\/#breadcrumb\",\"itemListElement\":[{\"@type\":\"ListItem\",\"position\":1,\"name\":\"Home\",\"item\":\"https:\\\/\\\/systemesmw.com\\\/en\\\/\"},{\"@type\":\"ListItem\",\"position\":2,\"name\":\"Contact\"}]},{\"@type\":\"WebSite\",\"@id\":\"https:\\\/\\\/systemesmw.com\\\/en\\\/#website\",\"url\":\"https:\\\/\\\/systemesmw.com\\\/en\\\/\",\"name\":\"Syst\u00e8mes MW\",\"description\":\"Services de technologie g\u00e9r\u00e9s fiable pour le client\",\"potentialAction\":[{\"@type\":\"SearchAction\",\"target\":{\"@type\":\"EntryPoint\",\"urlTemplate\":\"https:\\\/\\\/systemesmw.com\\\/en\\\/?s={search_term_string}\"},\"query-input\":{\"@type\":\"PropertyValueSpecification\",\"valueRequired\":true,\"valueName\":\"search_term_string\"}}],\"inLanguage\":\"en-US\"}]}<\/script>\n<!-- \/ Yoast SEO plugin. -->","yoast_head_json":{"title":"Contact - Syst\u00e8mes MW","robots":{"index":"index","follow":"follow","max-snippet":"max-snippet:-1","max-image-preview":"max-image-preview:large","max-video-preview":"max-video-preview:-1"},"canonical":"https:\/\/systemesmw.com\/en\/contact\/","og_locale":"en_US","og_type":"article","og_title":"Contact - Syst\u00e8mes MW","og_url":"https:\/\/systemesmw.com\/en\/contact\/","og_site_name":"Syst\u00e8mes MW","article_modified_time":"2026-03-28T13:36:40+00:00","twitter_card":"summary_large_image","schema":{"@context":"https:\/\/schema.org","@graph":[{"@type":"WebPage","@id":"https:\/\/systemesmw.com\/en\/contact\/","url":"https:\/\/systemesmw.com\/en\/contact\/","name":"Contact - Syst\u00e8mes MW","isPartOf":{"@id":"https:\/\/systemesmw.com\/en\/#website"},"datePublished":"2020-12-14T05:28:42+00:00","dateModified":"2026-03-28T13:36:40+00:00","breadcrumb":{"@id":"https:\/\/systemesmw.com\/en\/contact\/#breadcrumb"},"inLanguage":"en-US","potentialAction":[{"@type":"ReadAction","target":["https:\/\/systemesmw.com\/en\/contact\/"]}]},{"@type":"BreadcrumbList","@id":"https:\/\/systemesmw.com\/en\/contact\/#breadcrumb","itemListElement":[{"@type":"ListItem","position":1,"name":"Home","item":"https:\/\/systemesmw.com\/en\/"},{"@type":"ListItem","position":2,"name":"Contact"}]},{"@type":"WebSite","@id":"https:\/\/systemesmw.com\/en\/#website","url":"https:\/\/systemesmw.com\/en\/","name":"Syst\u00e8mes MW","description":"Services de technologie g\u00e9r\u00e9s fiable pour le client","potentialAction":[{"@type":"SearchAction","target":{"@type":"EntryPoint","urlTemplate":"https:\/\/systemesmw.com\/en\/?s={search_term_string}"},"query-input":{"@type":"PropertyValueSpecification","valueRequired":true,"valueName":"search_term_string"}}],"inLanguage":"en-US"}]}},"_links":{"self":[{"href":"https:\/\/systemesmw.com\/en\/wp-json\/wp\/v2\/pages\/965","targetHints":{"allow":["GET"]}}],"collection":[{"href":"https:\/\/systemesmw.com\/en\/wp-json\/wp\/v2\/pages"}],"about":[{"href":"https:\/\/systemesmw.com\/en\/wp-json\/wp\/v2\/types\/page"}],"author":[{"embeddable":true,"href":"https:\/\/systemesmw.com\/en\/wp-json\/wp\/v2\/users\/1"}],"replies":[{"embeddable":true,"href":"https:\/\/systemesmw.com\/en\/wp-json\/wp\/v2\/comments?post=965"}],"version-history":[{"count":33,"href":"https:\/\/systemesmw.com\/en\/wp-json\/wp\/v2\/pages\/965\/revisions"}],"predecessor-version":[{"id":4958,"href":"https:\/\/systemesmw.com\/en\/wp-json\/wp\/v2\/pages\/965\/revisions\/4958"}],"wp:attachment":[{"href":"https:\/\/systemesmw.com\/en\/wp-json\/wp\/v2\/media?parent=965"}],"curies":[{"name":"wp","href":"https:\/\/api.w.org\/{rel}","templated":true}]}}