{"id":2621,"date":"2022-04-12T13:46:27","date_gmt":"2022-04-12T17:46:27","guid":{"rendered":"https:\/\/systemesmw.com\/nouvelles\/"},"modified":"2026-03-21T10:50:27","modified_gmt":"2026-03-21T14:50:27","slug":"news","status":"publish","type":"page","link":"https:\/\/systemesmw.com\/en\/news\/","title":{"rendered":"News"},"content":{"rendered":"\n<div class=\"et_pb_section_0 et_pb_section et_section_regular et_block_section section_has_divider et_pb_bottom_divider\"><span class=\"et_pb_background_mask\"><\/span><div class=\"et_pb_row_0 et_pb_row et_block_row\"><div class=\"et_pb_column_0 et_pb_column et_pb_column_4_4 et-last-child et_block_column et_pb_css_mix_blend_mode_passthrough\"><div class=\"et_pb_text_0 et_pb_text et_pb_bg_layout_dark et_pb_module et_block_module\"><div class=\"et_pb_text_inner\"><h1>Latest News<\/h1>\n<\/div><\/div><\/div><\/div><div class=\"et_pb_bottom_inside_divider et-no-transition\"><\/div><\/div><div class=\"et_pb_section_1 et_pb_section et_section_regular et_block_section\"><div class=\"et_pb_row_1 et_pb_row et_block_row\"><div class=\"et_pb_column_1 et_pb_column et_pb_column_4_4 et-last-child et_block_column et_pb_css_mix_blend_mode_passthrough\"><div class=\"et_pb_blog_0 et_pb_blog et_pb_bg_layout_light et_pb_posts et_pb_module\"><div class=\"et_pb_ajax_pagination_container\"><div class=\"et_pb_posts et_block_module\"><article class=\"et_pb_post et_pb_post_id_4613 clearfix et_pb_no_thumb et_pb_blog_item_0_0 post-4613 post type-post status-publish format-standard hentry category-uncategorized\"><h2 class=\"entry-title\"><a href=\"https:\/\/systemesmw.com\/en\/2024\/09\/10\/create-a-custom-tailored-system-with-systems-mw\/\">Create a custom tailored system with Systems MW<\/a><\/h2><p class=\"post-meta\">by <span class=\"author vcard\"><a href=\"https:\/\/systemesmw.com\/en\/author\/wadadmin\/\" title=\"Posts by Wadih\" rel=\"author\">Wadih<\/a><\/span> | <span class=\"published\">Sep 10, 2024<\/span><\/p><div class=\"post-content\"><div class=\"post-content-inner\"><p>Source code \/ Software Intellectual Property is not an asset, it is a serious liability for your business. 1) You have to protect your source code against theft and sabotage, be very careful about who you hire to work on your software. The more hands touch it, the&#8230;<\/p>\n<\/div><a href=\"https:\/\/systemesmw.com\/en\/2024\/09\/10\/create-a-custom-tailored-system-with-systems-mw\/\" class=\"more-link\">read more&#8230;<\/a><\/div><\/article><article class=\"et_pb_post et_pb_post_id_4509 clearfix et_pb_no_thumb et_pb_blog_item_0_1 post-4509 post type-post status-publish format-standard hentry category-uncategorized\"><h2 class=\"entry-title\"><a href=\"https:\/\/systemesmw.com\/en\/2024\/07\/09\/dont-leave-your-backups-to-chance\/\">Don&#8217;t leave your backups to chance<\/a><\/h2><p class=\"post-meta\">by <span class=\"author vcard\"><a href=\"https:\/\/systemesmw.com\/en\/author\/wadadmin\/\" title=\"Posts by Wadih\" rel=\"author\">Wadih<\/a><\/span> | <span class=\"published\">Jul 9, 2024<\/span><\/p><div class=\"post-content\"><div class=\"post-content-inner\"><p>100% of clients that told me they &#8220;already had&#8221; an automated backup solution when I offered them one, when we dug in, 100% of them had stopped working in the past 5-10 years already, or was missing systems that were added after the initial automated backup was setup,&#8230;<\/p>\n<\/div><a href=\"https:\/\/systemesmw.com\/en\/2024\/07\/09\/dont-leave-your-backups-to-chance\/\" class=\"more-link\">read more&#8230;<\/a><\/div><\/article><article class=\"et_pb_post et_pb_post_id_4384 clearfix et_pb_no_thumb et_pb_blog_item_0_2 post-4384 post type-post status-publish format-standard hentry category-non-classifiee category-uncategorized\"><h2 class=\"entry-title\"><a href=\"https:\/\/systemesmw.com\/en\/2023\/11\/22\/law-25-in-quebec\/\">Law 25 in Quebec<\/a><\/h2><p class=\"post-meta\">by <span class=\"author vcard\"><a href=\"https:\/\/systemesmw.com\/en\/author\/wadadmin\/\" title=\"Posts by Wadih\" rel=\"author\">Wadih<\/a><\/span> | <span class=\"published\">Nov 22, 2023<\/span><\/p><div class=\"post-content\"><div class=\"post-content-inner\"><p>As soon as your company or organization, handles personal information of Quebec citizens, Law 25 applies to you. The government specifically gives you the following responsibilities: In case of loss, theft, or any other data incident, you must report it to CAI, the&#8230;<\/p>\n<\/div><a href=\"https:\/\/systemesmw.com\/en\/2023\/11\/22\/law-25-in-quebec\/\" class=\"more-link\">read more&#8230;<\/a><\/div><\/article><article class=\"et_pb_post et_pb_post_id_4132 clearfix et_pb_no_thumb et_pb_blog_item_0_3 post-4132 post type-post status-publish format-standard hentry category-uncategorized\"><h2 class=\"entry-title\"><a href=\"https:\/\/systemesmw.com\/en\/2023\/08\/09\/lancement-du-canal-youtube\/\">Launching Youtube channel<\/a><\/h2><p class=\"post-meta\">by <span class=\"author vcard\"><a href=\"https:\/\/systemesmw.com\/en\/author\/wadadmin\/\" title=\"Posts by Wadih\" rel=\"author\">Wadih<\/a><\/span> | <span class=\"published\">Aug 9, 2023<\/span><\/p><div class=\"post-content\"><div class=\"post-content-inner\"><p>Today Systems MW launches its Youtube channel! https:\/\/www.youtube.com\/@SystemsMW\/ Back to news<\/p>\n<\/div><a href=\"https:\/\/systemesmw.com\/en\/2023\/08\/09\/lancement-du-canal-youtube\/\" class=\"more-link\">read more&#8230;<\/a><\/div><\/article><article class=\"et_pb_post et_pb_post_id_3981 clearfix et_pb_no_thumb et_pb_blog_item_0_4 post-3981 post type-post status-publish format-standard hentry category-non-classifiee\"><h2 class=\"entry-title\"><a href=\"https:\/\/systemesmw.com\/en\/2023\/03\/05\/linux-hosting-server-update\/\">Linux hosting server update<\/a><\/h2><p class=\"post-meta\">by <span class=\"author vcard\"><a href=\"https:\/\/systemesmw.com\/en\/author\/wadadmin\/\" title=\"Posts by Wadih\" rel=\"author\">Wadih<\/a><\/span> | <span class=\"published\">Mar 5, 2023<\/span><\/p><div class=\"post-content\"><div class=\"post-content-inner\"><p>This weekend the Linux hosting server was successfully updated. SSL certificates have been renewed, and major versions of software updated. In the new world, logins to accounts must be made through SCP and not FTP. If you have any questions, please contact Systems MW&#8230;.<\/p>\n<\/div><a href=\"https:\/\/systemesmw.com\/en\/2023\/03\/05\/linux-hosting-server-update\/\" class=\"more-link\">read more&#8230;<\/a><\/div><\/article><article class=\"et_pb_post et_pb_post_id_3344 clearfix et_pb_no_thumb et_pb_blog_item_0_5 post-3344 post type-post status-publish format-standard hentry category-uncategorized\"><h2 class=\"entry-title\"><a href=\"https:\/\/systemesmw.com\/en\/2022\/11\/01\/email-migration-successfully-completed\/\">Email migration successfully completed<\/a><\/h2><p class=\"post-meta\">by <span class=\"author vcard\"><a href=\"https:\/\/systemesmw.com\/en\/author\/wadadmin\/\" title=\"Posts by Wadih\" rel=\"author\">Wadih<\/a><\/span> | <span class=\"published\">Nov 1, 2022<\/span><\/p><div class=\"post-content\"><div class=\"post-content-inner\"><p>The email migration was successfully completed this weekend. You should all have received your new passwords and access. Some important details: The Spam folder empties every 30 days The Trash folder empties every 30 days It is recommended to monitor the spam folder&#8230;<\/p>\n<\/div><a href=\"https:\/\/systemesmw.com\/en\/2022\/11\/01\/email-migration-successfully-completed\/\" class=\"more-link\">read more&#8230;<\/a><\/div><\/article><\/div><div class=\"pagination clearfix\">\n\t<div class=\"alignleft\"><a href=\"https:\/\/systemesmw.com\/en\/wp-json\/wp\/v2\/pages\/2621\/page\/2\/?et_blog\" >&laquo; Older Entries<\/a><\/div>\n\t<div class=\"alignright\"><\/div>\n<\/div><\/div><\/div><\/div><\/div><\/div><div class=\"et_pb_section_2 et_pb_section et_section_regular et_block_section\"><\/div><div class=\"et_pb_section_3 et_pb_section et_section_regular et_block_section\"><div class=\"et_pb_row_2 et_pb_row et_pb_equal_columns et_block_row\"><div class=\"et_pb_column_2 et_pb_column et_pb_column_2_5 et_block_column et_pb_css_mix_blend_mode_passthrough\"><div class=\"et_pb_text_1 et_pb_text et_pb_bg_layout_light et_pb_module et_block_module\"><div class=\"et_pb_text_inner\"><h2>Contact<\/h2>\n<\/div><\/div><div class=\"et_pb_blurb_0 et_pb_blurb et_pb_bg_layout_light et_pb_text_align_center et_pb_blurb_position_left et_pb_module et_block_module\"><div class=\"et_pb_blurb_content\"><div class=\"et_pb_main_blurb_image\"><span class=\"et_pb_image_wrap\"><span class=\"et-pb-icon\">\uf0e0<\/span><\/span><\/div><div class=\"et_pb_blurb_container\"><h4 class=\"et_pb_module_header\">info@systemsmw.com<\/h4><\/div><\/div><\/div><div class=\"et_pb_blurb_1 et_pb_blurb et_pb_bg_layout_light et_pb_text_align_center et_pb_blurb_position_left et_pb_module et_block_module\"><div class=\"et_pb_blurb_content\"><div class=\"et_pb_main_blurb_image\"><span class=\"et_pb_image_wrap\"><span class=\"et-pb-icon\">\ue06b<\/span><\/span><\/div><div class=\"et_pb_blurb_container\"><div class=\"et_pb_blurb_description\"><p>Monday-Friday: 8am &#8211; 5pm<\/p>\n<\/div><\/div><\/div><\/div><\/div><div class=\"et_pb_column_3 et_pb_column et_pb_column_3_5 et-last-child et_block_column et_pb_css_mix_blend_mode_passthrough\"><div class=\"et_pb_text_2 et_pb_text et_pb_bg_layout_light et_pb_module et_block_module et_pb_text_align_center\"><div class=\"et_pb_text_inner\"><h2>Get Started<\/h2>\n<\/div><\/div><div class=\"et_pb_text_3 et_pb_text et_pb_bg_layout_light et_pb_module et_block_module et_pb_text_align_center\"><div class=\"et_pb_text_inner\"><p>What do you need?<\/p>\n<\/div><\/div><div class=\"et_pb_module et_pb_button_module_wrapper et_pb_button_0_wrapper\"><a class=\"et_pb_button_0 et_pb_button et_pb_bg_layout_light et_pb_module et_block_module\" href=\"https:\/\/systemesmw.com\/contact\/\">Get in touch<\/a><\/div><\/div><\/div><\/div>\n","protected":false},"excerpt":{"rendered":"","protected":false},"author":1,"featured_media":0,"parent":0,"menu_order":0,"comment_status":"closed","ping_status":"closed","template":"","meta":{"footnotes":""},"class_list":["post-2621","page","type-page","status-publish","hentry"],"yoast_head":"<!-- This site is optimized with the Yoast SEO plugin v27.5 - https:\/\/yoast.com\/product\/yoast-seo-wordpress\/ -->\n<title>News - Syst\u00e8mes MW<\/title>\n<meta name=\"robots\" content=\"index, follow, max-snippet:-1, max-image-preview:large, max-video-preview:-1\" \/>\n<link rel=\"canonical\" href=\"https:\/\/systemesmw.com\/en\/news\/\" \/>\n<meta property=\"og:locale\" content=\"en_US\" \/>\n<meta property=\"og:type\" content=\"article\" \/>\n<meta property=\"og:title\" content=\"News - Syst\u00e8mes MW\" \/>\n<meta property=\"og:url\" content=\"https:\/\/systemesmw.com\/en\/news\/\" \/>\n<meta property=\"og:site_name\" content=\"Syst\u00e8mes MW\" \/>\n<meta property=\"article:modified_time\" content=\"2026-03-21T14:50:27+00:00\" \/>\n<meta name=\"twitter:card\" content=\"summary_large_image\" \/>\n<meta name=\"twitter:label1\" content=\"Est. reading time\" \/>\n\t<meta name=\"twitter:data1\" content=\"2 minutes\" \/>\n<script type=\"application\/ld+json\" class=\"yoast-schema-graph\">{\"@context\":\"https:\\\/\\\/schema.org\",\"@graph\":[{\"@type\":\"WebPage\",\"@id\":\"https:\\\/\\\/systemesmw.com\\\/en\\\/news\\\/\",\"url\":\"https:\\\/\\\/systemesmw.com\\\/en\\\/news\\\/\",\"name\":\"News - Syst\u00e8mes MW\",\"isPartOf\":{\"@id\":\"https:\\\/\\\/systemesmw.com\\\/en\\\/#website\"},\"datePublished\":\"2022-04-12T17:46:27+00:00\",\"dateModified\":\"2026-03-21T14:50:27+00:00\",\"breadcrumb\":{\"@id\":\"https:\\\/\\\/systemesmw.com\\\/en\\\/news\\\/#breadcrumb\"},\"inLanguage\":\"en-US\",\"potentialAction\":[{\"@type\":\"ReadAction\",\"target\":[\"https:\\\/\\\/systemesmw.com\\\/en\\\/news\\\/\"]}]},{\"@type\":\"BreadcrumbList\",\"@id\":\"https:\\\/\\\/systemesmw.com\\\/en\\\/news\\\/#breadcrumb\",\"itemListElement\":[{\"@type\":\"ListItem\",\"position\":1,\"name\":\"Home\",\"item\":\"https:\\\/\\\/systemesmw.com\\\/en\\\/\"},{\"@type\":\"ListItem\",\"position\":2,\"name\":\"News\"}]},{\"@type\":\"WebSite\",\"@id\":\"https:\\\/\\\/systemesmw.com\\\/en\\\/#website\",\"url\":\"https:\\\/\\\/systemesmw.com\\\/en\\\/\",\"name\":\"Syst\u00e8mes MW\",\"description\":\"Services de technologie g\u00e9r\u00e9s fiable pour le client\",\"potentialAction\":[{\"@type\":\"SearchAction\",\"target\":{\"@type\":\"EntryPoint\",\"urlTemplate\":\"https:\\\/\\\/systemesmw.com\\\/en\\\/?s={search_term_string}\"},\"query-input\":{\"@type\":\"PropertyValueSpecification\",\"valueRequired\":true,\"valueName\":\"search_term_string\"}}],\"inLanguage\":\"en-US\"}]}<\/script>\n<!-- \/ Yoast SEO plugin. -->","yoast_head_json":{"title":"News - Syst\u00e8mes MW","robots":{"index":"index","follow":"follow","max-snippet":"max-snippet:-1","max-image-preview":"max-image-preview:large","max-video-preview":"max-video-preview:-1"},"canonical":"https:\/\/systemesmw.com\/en\/news\/","og_locale":"en_US","og_type":"article","og_title":"News - Syst\u00e8mes MW","og_url":"https:\/\/systemesmw.com\/en\/news\/","og_site_name":"Syst\u00e8mes MW","article_modified_time":"2026-03-21T14:50:27+00:00","twitter_card":"summary_large_image","twitter_misc":{"Est. reading time":"2 minutes"},"schema":{"@context":"https:\/\/schema.org","@graph":[{"@type":"WebPage","@id":"https:\/\/systemesmw.com\/en\/news\/","url":"https:\/\/systemesmw.com\/en\/news\/","name":"News - Syst\u00e8mes MW","isPartOf":{"@id":"https:\/\/systemesmw.com\/en\/#website"},"datePublished":"2022-04-12T17:46:27+00:00","dateModified":"2026-03-21T14:50:27+00:00","breadcrumb":{"@id":"https:\/\/systemesmw.com\/en\/news\/#breadcrumb"},"inLanguage":"en-US","potentialAction":[{"@type":"ReadAction","target":["https:\/\/systemesmw.com\/en\/news\/"]}]},{"@type":"BreadcrumbList","@id":"https:\/\/systemesmw.com\/en\/news\/#breadcrumb","itemListElement":[{"@type":"ListItem","position":1,"name":"Home","item":"https:\/\/systemesmw.com\/en\/"},{"@type":"ListItem","position":2,"name":"News"}]},{"@type":"WebSite","@id":"https:\/\/systemesmw.com\/en\/#website","url":"https:\/\/systemesmw.com\/en\/","name":"Syst\u00e8mes MW","description":"Services de technologie g\u00e9r\u00e9s fiable pour le client","potentialAction":[{"@type":"SearchAction","target":{"@type":"EntryPoint","urlTemplate":"https:\/\/systemesmw.com\/en\/?s={search_term_string}"},"query-input":{"@type":"PropertyValueSpecification","valueRequired":true,"valueName":"search_term_string"}}],"inLanguage":"en-US"}]}},"_links":{"self":[{"href":"https:\/\/systemesmw.com\/en\/wp-json\/wp\/v2\/pages\/2621","targetHints":{"allow":["GET"]}}],"collection":[{"href":"https:\/\/systemesmw.com\/en\/wp-json\/wp\/v2\/pages"}],"about":[{"href":"https:\/\/systemesmw.com\/en\/wp-json\/wp\/v2\/types\/page"}],"author":[{"embeddable":true,"href":"https:\/\/systemesmw.com\/en\/wp-json\/wp\/v2\/users\/1"}],"replies":[{"embeddable":true,"href":"https:\/\/systemesmw.com\/en\/wp-json\/wp\/v2\/comments?post=2621"}],"version-history":[{"count":10,"href":"https:\/\/systemesmw.com\/en\/wp-json\/wp\/v2\/pages\/2621\/revisions"}],"predecessor-version":[{"id":4918,"href":"https:\/\/systemesmw.com\/en\/wp-json\/wp\/v2\/pages\/2621\/revisions\/4918"}],"wp:attachment":[{"href":"https:\/\/systemesmw.com\/en\/wp-json\/wp\/v2\/media?parent=2621"}],"curies":[{"name":"wp","href":"https:\/\/api.w.org\/{rel}","templated":true}]}}