{"id":2564,"date":"2022-04-11T10:03:22","date_gmt":"2022-04-11T14:03:22","guid":{"rendered":"https:\/\/systemesmw.com\/a-propos\/"},"modified":"2026-03-21T10:50:23","modified_gmt":"2026-03-21T14:50:23","slug":"about","status":"publish","type":"page","link":"https:\/\/systemesmw.com\/en\/about\/","title":{"rendered":"About"},"content":{"rendered":"\n<div class=\"et_pb_section_0 et_pb_section et_section_regular et_block_section\"><div class=\"et_pb_row_0 et_pb_row et_block_row\"><div class=\"et_pb_column_0 et_pb_column et_pb_column_1_2 et_block_column et_pb_css_mix_blend_mode_passthrough\"><div class=\"et_pb_divider_0 et_pb_divider_hidden et_pb_space et_pb_divider_position_top et-pb-has-background-video et_pb_preload et_pb_module\"><span class=\"et-pb-background-video\"><video autoplay loop playsinline muted><source type=\"video\/mp4\" src=\"https:\/\/systemesmw.com\/wp-content\/uploads\/2024\/02\/VID-20240221-WA0006.mp4\" \/><\/video><\/span><div class=\"et_pb_divider_internal\"><\/div><\/div><ul class=\"et_pb_social_media_follow_0 et_pb_social_media_follow clearfix et_pb_bg_layout_light et_pb_text_align_center et_pb_module et_block_module\"><li class=\"et_pb_social_media_follow_network_0 et_pb_social_media_follow_network et_pb_social_icon et_pb_social_network_link et-social-linkedin et_pb_module et_flex_module\"><a href=\"https:\/\/www.linkedin.com\/in\/wadih-maalouf\/\" class=\"icon\" target=\"_self\" title=\"Follow on Linkedin\" rel=\"noopener\"><span class=\"et_pb_social_media_follow_network_name\">Follow<\/span><\/a><\/li><li class=\"et_pb_social_media_follow_network_1 et_pb_social_media_follow_network et_pb_social_icon et_pb_social_network_link et-social-twitter et_pb_module et_flex_module\"><a href=\"https:\/\/twitter.com\/wadih_maalouf\" class=\"icon\" target=\"_self\" title=\"Follow on Twitter\" rel=\"noopener\"><span class=\"et_pb_social_media_follow_network_name\">Follow<\/span><\/a><\/li><li class=\"et_pb_social_media_follow_network_2 et_pb_social_media_follow_network et_pb_social_icon et_pb_social_network_link et-social-instagram et_pb_module et_flex_module\"><a href=\"https:\/\/www.instagram.com\/wadih.maalouf\/\" class=\"icon\" target=\"_self\" title=\"Follow on Instagram\" rel=\"noopener\"><span class=\"et_pb_social_media_follow_network_name\">Follow<\/span><\/a><\/li><li class=\"et_pb_social_media_follow_network_3 et_pb_social_media_follow_network et_pb_social_icon et_pb_social_network_link et-social-youtube et_pb_module et_flex_module\"><a href=\"https:\/\/www.youtube.com\/@SystemsMW\/\" class=\"icon\" target=\"_self\" title=\"Follow on Youtube\" rel=\"noopener\"><span class=\"et_pb_social_media_follow_network_name\">Follow<\/span><\/a><\/li><li class=\"et_pb_social_media_follow_network_4 et_pb_social_media_follow_network et_pb_social_icon et_pb_social_network_link et-pb-social-fa-icon et-social-github et_pb_module et_flex_module\"><a href=\"https:\/\/github.com\/wadih\" class=\"icon\" target=\"_self\" title=\"Follow on Github\" rel=\"noopener\"><span class=\"et_pb_social_media_follow_network_name\">Follow<\/span><\/a><\/li><li class=\"et_pb_social_media_follow_network_5 et_pb_social_media_follow_network et_pb_social_icon et_pb_social_network_link et-pb-social-fa-icon et-social-buffer et_pb_module et_flex_module\"><a href=\"https:\/\/wadih.systemesmw.com\" class=\"icon\" target=\"_self\" title=\"Follow on Buffer\" rel=\"noopener\"><span class=\"et_pb_social_media_follow_network_name\">Follow<\/span><\/a><\/li><\/ul><\/div><div class=\"et_pb_column_1 et_pb_column et_pb_column_1_2 et-last-child et_block_column et_pb_css_mix_blend_mode_passthrough\"><div class=\"et_pb_text_0 et_pb_text et_pb_bg_layout_light et_pb_module et_block_module\"><div class=\"et_pb_text_inner\"><h3>About<\/h3>\n<h2>A word on the founder<\/h2>\n<p><strong>Passions:<\/strong> Technology, Collaboration, Music<strong><\/strong><\/p>\n<p>Wadih is an information technology managed service provider and full stack developer with 20+ years experience with a demonstrable knowledge and passion about cybersecurity.<\/p>\n<p><strong>Skills:<\/strong> Full-stack developer and system administrator\u00a0<\/p>\n<p>He is the founder of Syst\u00e8mes MW, a web and technology infrastructure company, and co-founder of Cr\u00e9ation MW, an alliance that takes on multi-disciplinary digital projects with positive environmental impact.<\/p>\n<p>Wadih differentiates himself from his competitors with his human approach. Customers that work with Wadih genuinely enjoy the experience because he is passionate about his work, laser focused on success, and that transpires through his solutions and approach.<\/p>\n<p>As a self taught programmer, and McGill engineering graduate, Wadih is able to have the most technical discussions, and as a founder and co-founder, and trained in leadership, he is able to have the right high level discussions to steer the project towards success.<\/p>\n<p>He is an active Toastmasters member and volunteer at the Moderator\u2019s bilingual club in Montreal.<\/p>\n<p>&nbsp;<\/p>\n<\/div><\/div><\/div><\/div><div class=\"et_pb_row_1 et_pb_row et_block_row\"><div class=\"et_pb_column_2 et_pb_column et_pb_column_4_4 et-last-child et_block_column et_pb_css_mix_blend_mode_passthrough\"><div class=\"et_pb_module et_pb_button_module_wrapper et_pb_button_0_wrapper\"><a class=\"et_pb_button_0 et_pb_button et_pb_bg_layout_light et_pb_module et_block_module\" href=\"https:\/\/systemesmw.com\/en\/contact\/\">Contact the founder<\/a><\/div><div class=\"et_pb_module et_pb_button_module_wrapper et_pb_button_1_wrapper\"><a class=\"et_pb_button_1 et_pb_button et_pb_bg_layout_light et_pb_module et_block_module\" href=\"https:\/\/systemesmw.com\/en\/\">Return<\/a><\/div><\/div><\/div><\/div><div class=\"et_pb_section_1 et_pb_section et_section_regular et_block_section\"><\/div><div class=\"et_pb_section_2 et_pb_section et_section_regular et_block_section\"><div class=\"et_pb_row_2 et_pb_row et_pb_equal_columns et_block_row\"><div class=\"et_pb_column_3 et_pb_column et_pb_column_2_5 et_block_column et_pb_css_mix_blend_mode_passthrough\"><div class=\"et_pb_text_1 et_pb_text et_pb_bg_layout_light et_pb_module et_block_module\"><div class=\"et_pb_text_inner\"><h2>Contact<\/h2>\n<\/div><\/div><div class=\"et_pb_blurb_0 et_pb_blurb et_pb_bg_layout_light et_pb_text_align_center et_pb_blurb_position_left et_pb_module et_block_module\"><div class=\"et_pb_blurb_content\"><div class=\"et_pb_main_blurb_image\"><span class=\"et_pb_image_wrap\"><span class=\"et-pb-icon\">\uf0e0<\/span><\/span><\/div><div class=\"et_pb_blurb_container\"><h4 class=\"et_pb_module_header\">info@systemsmw.com<\/h4><\/div><\/div><\/div><div class=\"et_pb_blurb_1 et_pb_blurb et_pb_bg_layout_light et_pb_text_align_center et_pb_blurb_position_left et_pb_module et_block_module\"><div class=\"et_pb_blurb_content\"><div class=\"et_pb_main_blurb_image\"><span class=\"et_pb_image_wrap\"><span class=\"et-pb-icon\">\ue06b<\/span><\/span><\/div><div class=\"et_pb_blurb_container\"><div class=\"et_pb_blurb_description\"><p>Monday-Friday: 8am - 5pm<\/p>\n<\/div><\/div><\/div><\/div><\/div><div class=\"et_pb_column_4 et_pb_column et_pb_column_3_5 et-last-child et_block_column et_pb_css_mix_blend_mode_passthrough\"><div class=\"et_pb_text_2 et_pb_text et_pb_bg_layout_light et_pb_module et_block_module et_pb_text_align_center\"><div class=\"et_pb_text_inner\"><h2>Get Started<\/h2>\n<\/div><\/div><div class=\"et_pb_text_3 et_pb_text et_pb_bg_layout_light et_pb_module et_block_module et_pb_text_align_center\"><div class=\"et_pb_text_inner\"><p>What do you need?<\/p>\n<\/div><\/div><div class=\"et_pb_module et_pb_button_module_wrapper et_pb_button_2_wrapper\"><a class=\"et_pb_button_2 et_pb_button et_pb_bg_layout_light et_pb_module et_block_module\" href=\"https:\/\/systemesmw.com\/contact\/\">Get in touch<\/a><\/div><\/div><\/div><\/div>\n","protected":false},"excerpt":{"rendered":"","protected":false},"author":1,"featured_media":0,"parent":0,"menu_order":0,"comment_status":"closed","ping_status":"closed","template":"","meta":{"footnotes":""},"class_list":["post-2564","page","type-page","status-publish","hentry"],"yoast_head":"<!-- This site is optimized with the Yoast SEO plugin v27.5 - https:\/\/yoast.com\/product\/yoast-seo-wordpress\/ -->\n<title>About - Syst\u00e8mes MW<\/title>\n<meta name=\"robots\" content=\"index, follow, max-snippet:-1, max-image-preview:large, max-video-preview:-1\" \/>\n<link rel=\"canonical\" href=\"https:\/\/systemesmw.com\/en\/about\/\" \/>\n<meta property=\"og:locale\" content=\"en_US\" \/>\n<meta property=\"og:type\" content=\"article\" \/>\n<meta property=\"og:title\" content=\"About - Syst\u00e8mes MW\" \/>\n<meta property=\"og:url\" content=\"https:\/\/systemesmw.com\/en\/about\/\" \/>\n<meta property=\"og:site_name\" content=\"Syst\u00e8mes MW\" \/>\n<meta property=\"article:modified_time\" content=\"2026-03-21T14:50:23+00:00\" \/>\n<meta name=\"twitter:card\" content=\"summary_large_image\" \/>\n<meta name=\"twitter:label1\" content=\"Est. reading time\" \/>\n\t<meta name=\"twitter:data1\" content=\"3 minutes\" \/>\n<script type=\"application\/ld+json\" class=\"yoast-schema-graph\">{\"@context\":\"https:\\\/\\\/schema.org\",\"@graph\":[{\"@type\":\"WebPage\",\"@id\":\"https:\\\/\\\/systemesmw.com\\\/en\\\/about\\\/\",\"url\":\"https:\\\/\\\/systemesmw.com\\\/en\\\/about\\\/\",\"name\":\"About - Syst\u00e8mes MW\",\"isPartOf\":{\"@id\":\"https:\\\/\\\/systemesmw.com\\\/en\\\/#website\"},\"datePublished\":\"2022-04-11T14:03:22+00:00\",\"dateModified\":\"2026-03-21T14:50:23+00:00\",\"breadcrumb\":{\"@id\":\"https:\\\/\\\/systemesmw.com\\\/en\\\/about\\\/#breadcrumb\"},\"inLanguage\":\"en-US\",\"potentialAction\":[{\"@type\":\"ReadAction\",\"target\":[\"https:\\\/\\\/systemesmw.com\\\/en\\\/about\\\/\"]}]},{\"@type\":\"BreadcrumbList\",\"@id\":\"https:\\\/\\\/systemesmw.com\\\/en\\\/about\\\/#breadcrumb\",\"itemListElement\":[{\"@type\":\"ListItem\",\"position\":1,\"name\":\"Home\",\"item\":\"https:\\\/\\\/systemesmw.com\\\/en\\\/\"},{\"@type\":\"ListItem\",\"position\":2,\"name\":\"About\"}]},{\"@type\":\"WebSite\",\"@id\":\"https:\\\/\\\/systemesmw.com\\\/en\\\/#website\",\"url\":\"https:\\\/\\\/systemesmw.com\\\/en\\\/\",\"name\":\"Syst\u00e8mes MW\",\"description\":\"Services de technologie g\u00e9r\u00e9s fiable pour le client\",\"potentialAction\":[{\"@type\":\"SearchAction\",\"target\":{\"@type\":\"EntryPoint\",\"urlTemplate\":\"https:\\\/\\\/systemesmw.com\\\/en\\\/?s={search_term_string}\"},\"query-input\":{\"@type\":\"PropertyValueSpecification\",\"valueRequired\":true,\"valueName\":\"search_term_string\"}}],\"inLanguage\":\"en-US\"}]}<\/script>\n<!-- \/ Yoast SEO plugin. -->","yoast_head_json":{"title":"About - Syst\u00e8mes MW","robots":{"index":"index","follow":"follow","max-snippet":"max-snippet:-1","max-image-preview":"max-image-preview:large","max-video-preview":"max-video-preview:-1"},"canonical":"https:\/\/systemesmw.com\/en\/about\/","og_locale":"en_US","og_type":"article","og_title":"About - Syst\u00e8mes MW","og_url":"https:\/\/systemesmw.com\/en\/about\/","og_site_name":"Syst\u00e8mes MW","article_modified_time":"2026-03-21T14:50:23+00:00","twitter_card":"summary_large_image","twitter_misc":{"Est. reading time":"3 minutes"},"schema":{"@context":"https:\/\/schema.org","@graph":[{"@type":"WebPage","@id":"https:\/\/systemesmw.com\/en\/about\/","url":"https:\/\/systemesmw.com\/en\/about\/","name":"About - Syst\u00e8mes MW","isPartOf":{"@id":"https:\/\/systemesmw.com\/en\/#website"},"datePublished":"2022-04-11T14:03:22+00:00","dateModified":"2026-03-21T14:50:23+00:00","breadcrumb":{"@id":"https:\/\/systemesmw.com\/en\/about\/#breadcrumb"},"inLanguage":"en-US","potentialAction":[{"@type":"ReadAction","target":["https:\/\/systemesmw.com\/en\/about\/"]}]},{"@type":"BreadcrumbList","@id":"https:\/\/systemesmw.com\/en\/about\/#breadcrumb","itemListElement":[{"@type":"ListItem","position":1,"name":"Home","item":"https:\/\/systemesmw.com\/en\/"},{"@type":"ListItem","position":2,"name":"About"}]},{"@type":"WebSite","@id":"https:\/\/systemesmw.com\/en\/#website","url":"https:\/\/systemesmw.com\/en\/","name":"Syst\u00e8mes MW","description":"Services de technologie g\u00e9r\u00e9s fiable pour le client","potentialAction":[{"@type":"SearchAction","target":{"@type":"EntryPoint","urlTemplate":"https:\/\/systemesmw.com\/en\/?s={search_term_string}"},"query-input":{"@type":"PropertyValueSpecification","valueRequired":true,"valueName":"search_term_string"}}],"inLanguage":"en-US"}]}},"_links":{"self":[{"href":"https:\/\/systemesmw.com\/en\/wp-json\/wp\/v2\/pages\/2564","targetHints":{"allow":["GET"]}}],"collection":[{"href":"https:\/\/systemesmw.com\/en\/wp-json\/wp\/v2\/pages"}],"about":[{"href":"https:\/\/systemesmw.com\/en\/wp-json\/wp\/v2\/types\/page"}],"author":[{"embeddable":true,"href":"https:\/\/systemesmw.com\/en\/wp-json\/wp\/v2\/users\/1"}],"replies":[{"embeddable":true,"href":"https:\/\/systemesmw.com\/en\/wp-json\/wp\/v2\/comments?post=2564"}],"version-history":[{"count":49,"href":"https:\/\/systemesmw.com\/en\/wp-json\/wp\/v2\/pages\/2564\/revisions"}],"predecessor-version":[{"id":4916,"href":"https:\/\/systemesmw.com\/en\/wp-json\/wp\/v2\/pages\/2564\/revisions\/4916"}],"wp:attachment":[{"href":"https:\/\/systemesmw.com\/en\/wp-json\/wp\/v2\/media?parent=2564"}],"curies":[{"name":"wp","href":"https:\/\/api.w.org\/{rel}","templated":true}]}}